{"id":18,"date":"2013-07-12T21:18:38","date_gmt":"2013-07-12T20:18:38","guid":{"rendered":"http:\/\/test.uar.es\/?page_id=18"},"modified":"2025-01-27T14:08:58","modified_gmt":"2025-01-27T12:08:58","slug":"comissions","status":"publish","type":"page","link":"https:\/\/uar.es\/?page_id=18","title":{"rendered":"Tarifes"},"content":{"rendered":"<p>Les quotes i abonaments per la temporada 2024-2025 s\u00f3n els seg\u00fcents<\/p>\n<table style=\"height: 166px;\">\n<tbody>\n<tr>\n<td width=\"283\"><strong>Tipus de quota<\/strong><\/td>\n<td width=\"283\"><strong>Import<\/strong><\/td>\n<\/tr>\n<tr>\n<td width=\"283\"><strong>Soci<\/strong><\/td>\n<td width=\"283\">175 \u20ac<\/td>\n<\/tr>\n<tr>\n<td width=\"283\"><strong>Escola Dm &#8211; Dj<\/strong><\/td>\n<td width=\"283\">260 \u20ac<\/td>\n<\/tr>\n<tr>\n<td width=\"283\"><strong>Escola Dl &#8211; Dx &#8211; Dv<\/strong><\/td>\n<td width=\"283\">275 \u20ac<\/td>\n<\/tr>\n<tr>\n<td width=\"283\"><strong>Tecnificaci\u00f3<\/strong><\/td>\n<td width=\"283\">300 \u20ac<\/td>\n<\/tr>\n<tr>\n<td width=\"283\"><strong>Secci\u00f3 Fons<\/strong><\/td>\n<td width=\"283\">50 \u20ac<\/td>\n<\/tr>\n<tr>\n<td width=\"283\"><strong>Secci\u00f3 Km0<\/strong><\/td>\n<td width=\"283\">50 \u20ac<\/td>\n<\/tr>\n<\/tbody>\n<\/table>\n<ul>\n<li>La matr\u00edcula pels nous alumnes de l\u2019escola \u00e9s de 85 \u20ac i inclou l\u2019equipaci\u00f3 tant de competici\u00f3 com el xandall. L\u2019equipaci\u00f3 es recollir\u00e0 directament al centre.<\/li>\n<li>La fitxa federativa \u00e9s obligat\u00f2ria per l\u2019escola i no s\u2019inclou en l\u2019import. L\u2019import \u00e9s notifica cada any i es pot consultar a la web de la federaci\u00f3 catalana d\u2019atletisme. Amb la matr\u00edcula s&#8217;inclour\u00e0 el pagament de la llic\u00e8ncia temporal o definitiva a l&#8217;escola.<\/li>\n<li>El per\u00edode de validesa \u00e9s de Setembre a Setembre i el pagament es far\u00e0 a l\u2019Octubre per tota la temporada. El pagament total s&#8217;haur\u00e0 de fer com a m\u00e0xim el 1 de Gener de 2025.<\/li>\n<li><strong>S&#8217;aplicaran els seg\u00fcents descomptes (el m\u00e0xim descompte ser\u00e0 de 30% sobre el total):<\/strong>\n<ul>\n<li><strong>Si es paga d&#8217;un cop fins el 31 d&#8217;Octubre 10%.<\/strong><\/li>\n<li><strong>Per primer familiar 10%<\/strong><\/li>\n<li><strong>Per segon familiar 5%<\/strong><\/li>\n<li><strong>Per tercer familiar i successius 5%.<\/strong><\/li>\n<\/ul>\n<\/li>\n<li>No hi ha pagaments mensuals, la quota \u00e9s la que es correspon com a soci de la entitat durant tot el per\u00edode que dura la temporada. En cas de que es vulguin entrades puntuals hi ha els abonaments que no tenen dret a pert\u00e0nyer a les seccions del club.<\/li>\n<\/ul>\n<table>\n<tbody>\n<tr>\n<td width=\"283\"><strong>Abonaments<\/strong><\/td>\n<td width=\"283\"><strong>Import<\/strong><\/td>\n<\/tr>\n<tr>\n<td width=\"283\"><strong>Diari<\/strong><\/td>\n<td width=\"283\">4 \u20ac<\/td>\n<\/tr>\n<tr>\n<td width=\"283\"><strong>Mensual<\/strong><\/td>\n<td width=\"283\">40 \u20ac<\/td>\n<\/tr>\n<tr>\n<td width=\"283\"><strong>Trimestral<\/strong><\/td>\n<td width=\"283\">90 \u20ac<\/td>\n<\/tr>\n<tr>\n<td width=\"283\"><strong>Semestral<\/strong><\/td>\n<td width=\"283\">120 \u20ac<\/td>\n<\/tr>\n<\/tbody>\n<\/table>\n<p><strong>Procediments de pagament<\/strong><\/p>\n<ol>\n<li>Transfer\u00e8ncia bancaria al n\u00famero de compte: <strong>ES8101828321320201713781\u00a0<\/strong>. Aquesta seria l\u2019opci\u00f3 preferida per comoditat de tots.<\/li>\n<li>Targeta.<\/li>\n<\/ol>\n\n\n<p><\/p>\n","protected":false},"excerpt":{"rendered":"<p>Les quotes i abonaments per la temporada 2024-2025 s\u00f3n els seg\u00fcents Tipus de quota Import Soci 175 \u20ac Escola Dm &#8211; Dj 260 \u20ac Escola Dl &#8211; Dx &#8211; Dv 275 \u20ac Tecnificaci\u00f3 300 \u20ac Secci\u00f3 Fons 50 \u20ac Secci\u00f3 Km0 50 \u20ac La matr\u00edcula pels nous alumnes de l\u2019escola \u00e9s de 85 \u20ac i [&hellip;]<\/p>\n","protected":false},"author":1,"featured_media":0,"parent":0,"menu_order":0,"comment_status":"closed","ping_status":"closed","template":"","meta":[],"_links":{"self":[{"href":"https:\/\/uar.es\/index.php?rest_route=\/wp\/v2\/pages\/18"}],"collection":[{"href":"https:\/\/uar.es\/index.php?rest_route=\/wp\/v2\/pages"}],"about":[{"href":"https:\/\/uar.es\/index.php?rest_route=\/wp\/v2\/types\/page"}],"author":[{"embeddable":true,"href":"https:\/\/uar.es\/index.php?rest_route=\/wp\/v2\/users\/1"}],"replies":[{"embeddable":true,"href":"https:\/\/uar.es\/index.php?rest_route=%2Fwp%2Fv2%2Fcomments&post=18"}],"version-history":[{"count":26,"href":"https:\/\/uar.es\/index.php?rest_route=\/wp\/v2\/pages\/18\/revisions"}],"predecessor-version":[{"id":4284,"href":"https:\/\/uar.es\/index.php?rest_route=\/wp\/v2\/pages\/18\/revisions\/4284"}],"wp:attachment":[{"href":"https:\/\/uar.es\/index.php?rest_route=%2Fwp%2Fv2%2Fmedia&parent=18"}],"curies":[{"name":"wp","href":"https:\/\/api.w.org\/{rel}","templated":true}]}}