{"id":203,"date":"2013-07-15T19:41:15","date_gmt":"2013-07-15T18:41:15","guid":{"rendered":"http:\/\/test.uar.es\/?page_id=203"},"modified":"2020-02-28T00:08:12","modified_gmt":"2020-02-27T22:08:12","slug":"enllacos","status":"publish","type":"page","link":"https:\/\/uar.es\/?page_id=203","title":{"rendered":"Enlla\u00e7os"},"content":{"rendered":"<dl><\/dl>\n<p><a href=\"http:\/\/rfea.es\" target=\"_blank\" rel=\"noopener noreferrer\">Federaci\u00f3 espanyola d&#8217;atletisme<\/a><\/p>\n<p style=\"padding-left: 40px;\">Web de la federaci\u00f3 espanyola d&#8217;atletisme<\/p>\n<p><a href=\"http:\/\/fcatletisme.cat\" target=\"_blank\" rel=\"noopener noreferrer\">Federaci\u00f3 catalana d&#8217;atletisme<\/a><\/p>\n<p style=\"padding-left: 40px;\">Web de la federaci\u00f3 catalana d&#8217;atletisme<\/p>\n<p><a href=\"http:\/\/ajrubi.cat\" target=\"_blank\" rel=\"noopener noreferrer\">Ajuntament de Rub\u00ed<\/a><\/p>\n<p style=\"padding-left: 40px;\">Web oficial de l&#8217;ajuntament de Rub\u00ed<\/p>\n<p><a href=\"http:\/\/www.corredors.cat\/\" target=\"_blank\" rel=\"noopener noreferrer\">Corredors.cat<\/a><\/p>\n<dl>\n<dd>Foro sobre de carreras y atletismo popular<\/dd>\n<\/dl>\n<div>\u00a0<\/div>\n<dl>\n<dt><a href=\"http:\/\/www.carreraspopulares.com\/\" target=\"_blank\" rel=\"noopener noreferrer\">Carreras populares<\/a><\/dt>\n<dd>Calendario nacional de carreras populares<\/dd>\n<\/dl>\n<div>\u00a0<\/div>\n<dl><\/dl>\n<div><a href=\"http:\/\/ceterrassa.com\/\" target=\"_blank\" rel=\"noopener noreferrer\">Consell Esportiu Terrassa<\/a><\/div>\n<dl>\n<dd>Consell Esportiu Terrassa ( aplega Terrassa, Sant Cugat, Castelbisball i Rubi<\/dd>\n<\/dl>\n<div>\u00a0<\/div>\n<dl>\n<dt><a href=\"http:\/\/www.ucec.cat\/\" target=\"_blank\" rel=\"noopener noreferrer\">Unio Consell Esportius Catalunya ( UCEC )<\/a><\/dt>\n<dd>Unio Consell Esportius Catalunya<\/dd>\n<dd><\/dd>\n<\/dl>\n\n\n<p><\/p>\n","protected":false},"excerpt":{"rendered":"<p>Federaci\u00f3 espanyola d&#8217;atletisme Web de la federaci\u00f3 espanyola d&#8217;atletisme Federaci\u00f3 catalana d&#8217;atletisme Web de la federaci\u00f3 catalana d&#8217;atletisme Ajuntament de Rub\u00ed Web oficial de l&#8217;ajuntament de Rub\u00ed Corredors.cat Foro sobre de carreras y atletismo popular \u00a0 Carreras populares Calendario nacional de carreras populares \u00a0 Consell Esportiu Terrassa Consell Esportiu Terrassa ( aplega Terrassa, Sant Cugat, [&hellip;]<\/p>\n","protected":false},"author":1,"featured_media":0,"parent":0,"menu_order":0,"comment_status":"closed","ping_status":"closed","template":"","meta":[],"_links":{"self":[{"href":"https:\/\/uar.es\/index.php?rest_route=\/wp\/v2\/pages\/203"}],"collection":[{"href":"https:\/\/uar.es\/index.php?rest_route=\/wp\/v2\/pages"}],"about":[{"href":"https:\/\/uar.es\/index.php?rest_route=\/wp\/v2\/types\/page"}],"author":[{"embeddable":true,"href":"https:\/\/uar.es\/index.php?rest_route=\/wp\/v2\/users\/1"}],"replies":[{"embeddable":true,"href":"https:\/\/uar.es\/index.php?rest_route=%2Fwp%2Fv2%2Fcomments&post=203"}],"version-history":[{"count":8,"href":"https:\/\/uar.es\/index.php?rest_route=\/wp\/v2\/pages\/203\/revisions"}],"predecessor-version":[{"id":2844,"href":"https:\/\/uar.es\/index.php?rest_route=\/wp\/v2\/pages\/203\/revisions\/2844"}],"wp:attachment":[{"href":"https:\/\/uar.es\/index.php?rest_route=%2Fwp%2Fv2%2Fmedia&parent=203"}],"curies":[{"name":"wp","href":"https:\/\/api.w.org\/{rel}","templated":true}]}}